{"id":4187,"date":"2022-03-09T07:28:21","date_gmt":"2022-03-09T07:28:21","guid":{"rendered":"http:\/\/studio8events.com\/?page_id=4187"},"modified":"2022-03-16T23:57:25","modified_gmt":"2022-03-16T23:57:25","slug":"services","status":"publish","type":"page","link":"https:\/\/studio8events.com\/en\/services","title":{"rendered":"SERVICES"},"content":{"rendered":"<div class=\"fusion-fullwidth fullwidth-box fusion-builder-row-1 fusion-flex-container nonhundred-percent-fullwidth non-hundred-percent-height-scrolling\" style=\"background-color: rgba(255,255,255,0);background-position: center center;background-repeat: no-repeat;border-width: 0px 0px 0px 0px;border-color:var(--awb-color3);border-style:solid;\" ><div class=\"fusion-builder-row fusion-row fusion-flex-align-items-flex-start\" style=\"max-width:1248px;margin-left: calc(-4% \/ 2 );margin-right: calc(-4% \/ 2 );\"><div class=\"fusion-layout-column fusion_builder_column fusion-builder-column-0 fusion_builder_column_1_3 1_3 fusion-flex-column\"><div class=\"fusion-column-wrapper fusion-flex-justify-content-flex-start fusion-content-layout-column\" style=\"background-position:left top;background-repeat:no-repeat;-webkit-background-size:cover;-moz-background-size:cover;-o-background-size:cover;background-size:cover;padding: 0px 0px 0px 0px;\"><div style=\"text-align:center;\"><style>.fusion-imageframe.imageframe-1 .awb-imageframe-caption-container .awb-imageframe-caption-title{color:#ffffff !important;font-size:28px !important;}.fusion-imageframe.imageframe-1{background:#828282;}.fusion-imageframe.imageframe-1 img{aspect-ratio:100 \/ 150;}<\/style><span class=\" fusion-imageframe imageframe-none imageframe-1 awb-imageframe-style awb-imageframe-style-schantel has-aspect-ratio\"><a class=\"fusion-no-lightbox\" href=\"https:\/\/studio8events.com\/en\/weddings\" target=\"_self\" aria-label=\"WHERE THE LIGHT GOES\"><img decoding=\"async\" width=\"200\" height=\"300\" src=\"http:\/\/studio8events.com\/wp-content\/uploads\/2022\/03\/S7303263-200x300.jpg\" class=\"img-responsive wp-image-2860 img-with-aspect-ratio\" alt srcset=\"https:\/\/studio8events.com\/wp-content\/uploads\/2022\/03\/S7303263-200x300.jpg 200w, https:\/\/studio8events.com\/wp-content\/uploads\/2022\/03\/S7303263-400x600.jpg 400w, https:\/\/studio8events.com\/wp-content\/uploads\/2022\/03\/S7303263-600x900.jpg 600w, https:\/\/studio8events.com\/wp-content\/uploads\/2022\/03\/S7303263-800x1200.jpg 800w, https:\/\/studio8events.com\/wp-content\/uploads\/2022\/03\/S7303263-1200x1800.jpg 1200w, https:\/\/studio8events.com\/wp-content\/uploads\/2022\/03\/S7303263-scaled.jpg 1707w\" sizes=\"(max-width: 640px) 100vw, 400px\" \/><div class=\"awb-imageframe-caption-container\"><div class=\"awb-imageframe-caption\"><h3 class=\"awb-imageframe-caption-title\">WEDDINGS<\/h3><\/div><\/div><\/a><\/span><\/div><div class=\"fusion-text fusion-text-1\"><\/div><\/div><style type=\"text\/css\">.fusion-body .fusion-builder-column-0{width:33.333333333333% !important;margin-top : 0px;margin-bottom : 20px;}.fusion-builder-column-0 > .fusion-column-wrapper {padding-top : 0px !important;padding-right : 0px !important;margin-right : 5.76%;padding-bottom : 0px !important;padding-left : 0px !important;margin-left : 5.76%;}@media only screen and (max-width:1024px) {.fusion-body .fusion-builder-column-0{width:33.333333333333% !important;order : 0;}.fusion-builder-column-0 > .fusion-column-wrapper {margin-right : 5.76%;margin-left : 5.76%;}}@media only screen and (max-width:640px) {.fusion-body .fusion-builder-column-0{width:100% !important;order : 0;}.fusion-builder-column-0 > .fusion-column-wrapper {margin-right : 1.92%;margin-left : 1.92%;}}<\/style><\/div><div class=\"fusion-layout-column fusion_builder_column fusion-builder-column-1 fusion_builder_column_1_3 1_3 fusion-flex-column\"><div class=\"fusion-column-wrapper fusion-flex-justify-content-flex-start fusion-content-layout-column\" style=\"background-position:left top;background-repeat:no-repeat;-webkit-background-size:cover;-moz-background-size:cover;-o-background-size:cover;background-size:cover;padding: 0px 0px 0px 0px;\"><div style=\"text-align:center;\"><style>.fusion-imageframe.imageframe-2 .awb-imageframe-caption-container .awb-imageframe-caption-title{color:#ffffff !important;font-size:28px !important;}.fusion-imageframe.imageframe-2{background:#828282;}.fusion-imageframe.imageframe-2 img{aspect-ratio:100 \/ 150;}<\/style><span class=\" fusion-imageframe imageframe-none imageframe-2 awb-imageframe-style awb-imageframe-style-schantel has-aspect-ratio\"><a class=\"fusion-no-lightbox\" href=\"https:\/\/studio8events.com\/en\/florals\" target=\"_self\" aria-label=\"0001_IMG_3855\"><img decoding=\"async\" width=\"200\" height=\"300\" src=\"http:\/\/studio8events.com\/wp-content\/uploads\/2022\/03\/0001_IMG_3855-200x300.jpg\" class=\"img-responsive wp-image-3979 img-with-aspect-ratio\" alt srcset=\"https:\/\/studio8events.com\/wp-content\/uploads\/2022\/03\/0001_IMG_3855-200x300.jpg 200w, https:\/\/studio8events.com\/wp-content\/uploads\/2022\/03\/0001_IMG_3855-400x600.jpg 400w, https:\/\/studio8events.com\/wp-content\/uploads\/2022\/03\/0001_IMG_3855-600x900.jpg 600w, https:\/\/studio8events.com\/wp-content\/uploads\/2022\/03\/0001_IMG_3855-800x1200.jpg 800w, https:\/\/studio8events.com\/wp-content\/uploads\/2022\/03\/0001_IMG_3855-1200x1800.jpg 1200w, https:\/\/studio8events.com\/wp-content\/uploads\/2022\/03\/0001_IMG_3855-scaled.jpg 1707w\" sizes=\"(max-width: 640px) 100vw, 400px\" \/><div class=\"awb-imageframe-caption-container\"><div class=\"awb-imageframe-caption\"><h3 class=\"awb-imageframe-caption-title\">FLORALS<\/h3><\/div><\/div><\/a><\/span><\/div><div class=\"fusion-text fusion-text-2\"><\/div><\/div><style type=\"text\/css\">.fusion-body .fusion-builder-column-1{width:33.333333333333% !important;margin-top : 0px;margin-bottom : 20px;}.fusion-builder-column-1 > .fusion-column-wrapper {padding-top : 0px !important;padding-right : 0px !important;margin-right : 5.76%;padding-bottom : 0px !important;padding-left : 0px !important;margin-left : 5.76%;}@media only screen and (max-width:1024px) {.fusion-body .fusion-builder-column-1{width:33.333333333333% !important;order : 0;}.fusion-builder-column-1 > .fusion-column-wrapper {margin-right : 5.76%;margin-left : 5.76%;}}@media only screen and (max-width:640px) {.fusion-body .fusion-builder-column-1{width:100% !important;order : 0;}.fusion-builder-column-1 > .fusion-column-wrapper {margin-right : 1.92%;margin-left : 1.92%;}}<\/style><\/div><div class=\"fusion-layout-column fusion_builder_column fusion-builder-column-2 fusion_builder_column_1_3 1_3 fusion-flex-column\"><div class=\"fusion-column-wrapper fusion-flex-justify-content-flex-start fusion-content-layout-column\" style=\"background-position:left top;background-repeat:no-repeat;-webkit-background-size:cover;-moz-background-size:cover;-o-background-size:cover;background-size:cover;padding: 0px 0px 0px 0px;\"><div style=\"text-align:center;\"><style>.fusion-imageframe.imageframe-3 .awb-imageframe-caption-container .awb-imageframe-caption-title{color:#ffffff !important;font-size:28px !important;}.fusion-imageframe.imageframe-3{background:#828282;}.fusion-imageframe.imageframe-3 img{aspect-ratio:100 \/ 150;}<\/style><span class=\" fusion-imageframe imageframe-none imageframe-3 awb-imageframe-style awb-imageframe-style-schantel has-aspect-ratio\"><a class=\"fusion-no-lightbox\" href=\"https:\/\/studio8events.com\/en\/events\" target=\"_self\" aria-label=\"SF Day 2-379\"><img decoding=\"async\" width=\"200\" height=\"300\" src=\"http:\/\/studio8events.com\/wp-content\/uploads\/2022\/03\/SF-Day-2-379-200x300.jpg\" class=\"img-responsive wp-image-3810 img-with-aspect-ratio\" alt srcset=\"https:\/\/studio8events.com\/wp-content\/uploads\/2022\/03\/SF-Day-2-379-200x300.jpg 200w, https:\/\/studio8events.com\/wp-content\/uploads\/2022\/03\/SF-Day-2-379-400x600.jpg 400w, https:\/\/studio8events.com\/wp-content\/uploads\/2022\/03\/SF-Day-2-379-600x900.jpg 600w, https:\/\/studio8events.com\/wp-content\/uploads\/2022\/03\/SF-Day-2-379-800x1200.jpg 800w, https:\/\/studio8events.com\/wp-content\/uploads\/2022\/03\/SF-Day-2-379-1200x1800.jpg 1200w, https:\/\/studio8events.com\/wp-content\/uploads\/2022\/03\/SF-Day-2-379-scaled.jpg 1707w\" sizes=\"(max-width: 640px) 100vw, 400px\" \/><div class=\"awb-imageframe-caption-container\"><div class=\"awb-imageframe-caption\"><h3 class=\"awb-imageframe-caption-title\">EVENTS<\/h3><\/div><\/div><\/a><\/span><\/div><div class=\"fusion-text fusion-text-3\"><\/div><\/div><style type=\"text\/css\">.fusion-body .fusion-builder-column-2{width:33.333333333333% !important;margin-top : 0px;margin-bottom : 20px;}.fusion-builder-column-2 > .fusion-column-wrapper {padding-top : 0px !important;padding-right : 0px !important;margin-right : 5.76%;padding-bottom : 0px !important;padding-left : 0px !important;margin-left : 5.76%;}@media only screen and (max-width:1024px) {.fusion-body .fusion-builder-column-2{width:33.333333333333% !important;order : 0;}.fusion-builder-column-2 > .fusion-column-wrapper {margin-right : 5.76%;margin-left : 5.76%;}}@media only screen and (max-width:640px) {.fusion-body .fusion-builder-column-2{width:100% !important;order : 0;}.fusion-builder-column-2 > .fusion-column-wrapper {margin-right : 1.92%;margin-left : 1.92%;}}<\/style><\/div><div class=\"fusion-layout-column fusion_builder_column fusion-builder-column-3 fusion_builder_column_1_1 1_1 fusion-flex-column\"><div class=\"fusion-column-wrapper fusion-flex-justify-content-flex-start fusion-content-layout-column\" style=\"background-position:left top;background-repeat:no-repeat;-webkit-background-size:cover;-moz-background-size:cover;-o-background-size:cover;background-size:cover;padding: 0px 0px 0px 0px;\"><div class=\"fusion-text fusion-text-4\"><\/div><\/div><style type=\"text\/css\">.fusion-body .fusion-builder-column-3{width:100% !important;margin-top : 0px;margin-bottom : 0px;}.fusion-builder-column-3 > .fusion-column-wrapper {padding-top : 0px !important;padding-right : 0px !important;margin-right : 1.92%;padding-bottom : 0px !important;padding-left : 0px !important;margin-left : 1.92%;}@media only screen and (max-width:1024px) {.fusion-body .fusion-builder-column-3{width:100% !important;}.fusion-builder-column-3 > .fusion-column-wrapper {margin-right : 1.92%;margin-left : 1.92%;}}@media only screen and (max-width:640px) {.fusion-body .fusion-builder-column-3{width:100% !important;}.fusion-builder-column-3 > .fusion-column-wrapper {margin-right : 1.92%;margin-left : 1.92%;}}<\/style><\/div><\/div><style type=\"text\/css\">.fusion-body .fusion-flex-container.fusion-builder-row-1{ padding-top : 0px;margin-top : 0px;padding-right : 0px;padding-bottom : 0px;margin-bottom : 0px;padding-left : 0px;}<\/style><\/div><div class=\"fusion-fullwidth fullwidth-box fusion-builder-row-2 fusion-flex-container nonhundred-percent-fullwidth non-hundred-percent-height-scrolling\" style=\"background-color: rgba(255,255,255,0);background-position: center center;background-repeat: no-repeat;border-width: 0px 0px 0px 0px;border-color:var(--awb-color3);border-style:solid;\" ><div class=\"fusion-builder-row fusion-row fusion-flex-align-items-flex-start\" style=\"max-width:1248px;margin-left: calc(-4% \/ 2 );margin-right: calc(-4% \/ 2 );\"><div class=\"fusion-layout-column fusion_builder_column fusion-builder-column-4 fusion_builder_column_1_1 1_1 fusion-flex-column\"><div class=\"fusion-column-wrapper fusion-flex-justify-content-flex-start fusion-content-layout-column\" style=\"background-position:left top;background-repeat:no-repeat;-webkit-background-size:cover;-moz-background-size:cover;-o-background-size:cover;background-size:cover;padding: 0px 0px 0px 0px;\"><div class=\"fusion-text fusion-text-5\"><h3 style=\"text-align: center;\">SOBRE NUESTRO PROCESO<\/h3>\n<p>Nuestro proceso es altamente personalizado y personalizado para cada cliente y cada est\u00e9tica \u00fanica. Realmente ponemos nuestro coraz\u00f3n y alma en todos y cada uno de los clientes con los que tenemos el honor de trabajar.<\/p>\n<p>Porque cada peque\u00f1o detalle es de suma importancia para nosotros, nos enorgullece decir que no realizamos m\u00e1s de un evento por d\u00eda y un n\u00famero limitado de eventos por a\u00f1o.<\/p>\n<p>Ofrecemos muchos servicios que son exclusivos de nuestra empresa, como representaciones dibujadas a mano, instalaciones para eventos a gran escala, dise\u00f1o de eventos personalizados y fabricaci\u00f3n personalizada de estructuras, telones de fondo, soportes y cualquier otra cosa que se pueda imaginar.<\/p>\n<p>Ya sea comenzando el proceso desde el evento inicial y el concepto de paleta o ayudando al desarrollo de una est\u00e9tica ya elegida, Studio 8 trabaja en estrecha colaboraci\u00f3n con cada cliente para garantizar que cada evento sea personalizado y se superen todas las expectativas.<\/p>\n<\/div><div class=\"fusion-text fusion-text-6\"><h4 style=\"text-align: center;\">DESTACADO Y PREFERIDO POR<\/h4>\n<p>El trabajo destacado se puede ver en todas las principales publicaciones de bodas, incluidas, entre otras, las revistas de glamour.<\/p>\n<\/div><\/div><style type=\"text\/css\">.fusion-body .fusion-builder-column-4{width:100% !important;margin-top : 0px;margin-bottom : 20px;}.fusion-builder-column-4 > .fusion-column-wrapper {padding-top : 0px !important;padding-right : 0px !important;margin-right : 1.92%;padding-bottom : 0px !important;padding-left : 0px !important;margin-left : 1.92%;}@media only screen and (max-width:1024px) {.fusion-body .fusion-builder-column-4{width:100% !important;order : 0;}.fusion-builder-column-4 > .fusion-column-wrapper {margin-right : 1.92%;margin-left : 1.92%;}}@media only screen and (max-width:640px) {.fusion-body .fusion-builder-column-4{width:100% !important;order : 0;}.fusion-builder-column-4 > .fusion-column-wrapper {margin-right : 1.92%;margin-left : 1.92%;}}<\/style><\/div><div class=\"fusion-layout-column fusion_builder_column fusion-builder-column-5 fusion_builder_column_1_4 1_4 fusion-flex-column\"><div class=\"fusion-column-wrapper fusion-flex-justify-content-flex-start fusion-content-layout-column\" style=\"background-position:left top;background-repeat:no-repeat;-webkit-background-size:cover;-moz-background-size:cover;-o-background-size:cover;background-size:cover;padding: 0px 0px 0px 0px;\"><div ><span class=\" fusion-imageframe imageframe-none imageframe-4 hover-type-none\"><img decoding=\"async\" width=\"150\" height=\"150\" title=\"Imagen1\" src=\"http:\/\/studio8events.com\/wp-content\/uploads\/2022\/03\/Imagen1.jpg\" alt class=\"img-responsive wp-image-4312\" srcset=\"https:\/\/studio8events.com\/wp-content\/uploads\/2022\/03\/Imagen1-66x66.jpg 66w, https:\/\/studio8events.com\/wp-content\/uploads\/2022\/03\/Imagen1.jpg 150w\" sizes=\"(max-width: 150px) 100vw, 150px\" \/><\/span><\/div><\/div><style type=\"text\/css\">.fusion-body .fusion-builder-column-5{width:25% !important;margin-top : 0px;margin-bottom : 20px;}.fusion-builder-column-5 > .fusion-column-wrapper {padding-top : 0px !important;padding-right : 0px !important;margin-right : 7.68%;padding-bottom : 0px !important;padding-left : 0px !important;margin-left : 7.68%;}@media only screen and (max-width:1024px) {.fusion-body .fusion-builder-column-5{width:25% !important;order : 0;}.fusion-builder-column-5 > .fusion-column-wrapper {margin-right : 7.68%;margin-left : 7.68%;}}@media only screen and (max-width:640px) {.fusion-body .fusion-builder-column-5{width:100% !important;order : 0;}.fusion-builder-column-5 > .fusion-column-wrapper {margin-right : 1.92%;margin-left : 1.92%;}}<\/style><\/div><div class=\"fusion-layout-column fusion_builder_column fusion-builder-column-6 fusion_builder_column_1_4 1_4 fusion-flex-column\"><div class=\"fusion-column-wrapper fusion-flex-justify-content-flex-start fusion-content-layout-column\" style=\"background-position:left top;background-repeat:no-repeat;-webkit-background-size:cover;-moz-background-size:cover;-o-background-size:cover;background-size:cover;padding: 0px 0px 0px 0px;\"><div ><span class=\" fusion-imageframe imageframe-none imageframe-5 hover-type-none\"><img decoding=\"async\" width=\"149\" height=\"149\" title=\"Imagen2\" src=\"http:\/\/studio8events.com\/wp-content\/uploads\/2022\/03\/Imagen2.jpg\" alt class=\"img-responsive wp-image-4314\" srcset=\"https:\/\/studio8events.com\/wp-content\/uploads\/2022\/03\/Imagen2-66x66.jpg 66w, https:\/\/studio8events.com\/wp-content\/uploads\/2022\/03\/Imagen2.jpg 149w\" sizes=\"(max-width: 149px) 100vw, 149px\" \/><\/span><\/div><\/div><style type=\"text\/css\">.fusion-body .fusion-builder-column-6{width:25% !important;margin-top : 0px;margin-bottom : 20px;}.fusion-builder-column-6 > .fusion-column-wrapper {padding-top : 0px !important;padding-right : 0px !important;margin-right : 7.68%;padding-bottom : 0px !important;padding-left : 0px !important;margin-left : 7.68%;}@media only screen and (max-width:1024px) {.fusion-body .fusion-builder-column-6{width:25% !important;order : 0;}.fusion-builder-column-6 > .fusion-column-wrapper {margin-right : 7.68%;margin-left : 7.68%;}}@media only screen and (max-width:640px) {.fusion-body .fusion-builder-column-6{width:100% !important;order : 0;}.fusion-builder-column-6 > .fusion-column-wrapper {margin-right : 1.92%;margin-left : 1.92%;}}<\/style><\/div><div class=\"fusion-layout-column fusion_builder_column fusion-builder-column-7 fusion_builder_column_1_4 1_4 fusion-flex-column\"><div class=\"fusion-column-wrapper fusion-flex-justify-content-flex-start fusion-content-layout-column\" style=\"background-position:left top;background-repeat:no-repeat;-webkit-background-size:cover;-moz-background-size:cover;-o-background-size:cover;background-size:cover;padding: 0px 0px 0px 0px;\"><div ><span class=\" fusion-imageframe imageframe-none imageframe-6 hover-type-none\" style=\"max-width:150px;\"><img decoding=\"async\" width=\"300\" height=\"300\" title=\"Imagen3\" src=\"http:\/\/studio8events.com\/wp-content\/uploads\/2022\/03\/Imagen3-300x300.png\" alt class=\"img-responsive wp-image-4316\" srcset=\"https:\/\/studio8events.com\/wp-content\/uploads\/2022\/03\/Imagen3-200x200.png 200w, https:\/\/studio8events.com\/wp-content\/uploads\/2022\/03\/Imagen3.png 360w\" sizes=\"(max-width: 640px) 100vw, 300px\" \/><\/span><\/div><\/div><style type=\"text\/css\">.fusion-body .fusion-builder-column-7{width:25% !important;margin-top : 0px;margin-bottom : 20px;}.fusion-builder-column-7 > .fusion-column-wrapper {padding-top : 0px !important;padding-right : 0px !important;margin-right : 7.68%;padding-bottom : 0px !important;padding-left : 0px !important;margin-left : 7.68%;}@media only screen and (max-width:1024px) {.fusion-body .fusion-builder-column-7{width:25% !important;order : 0;}.fusion-builder-column-7 > .fusion-column-wrapper {margin-right : 7.68%;margin-left : 7.68%;}}@media only screen and (max-width:640px) {.fusion-body .fusion-builder-column-7{width:100% !important;order : 0;}.fusion-builder-column-7 > .fusion-column-wrapper {margin-right : 1.92%;margin-left : 1.92%;}}<\/style><\/div><div class=\"fusion-layout-column fusion_builder_column fusion-builder-column-8 fusion_builder_column_1_4 1_4 fusion-flex-column\"><div class=\"fusion-column-wrapper fusion-flex-justify-content-flex-start fusion-content-layout-column\" style=\"background-position:left top;background-repeat:no-repeat;-webkit-background-size:cover;-moz-background-size:cover;-o-background-size:cover;background-size:cover;padding: 0px 0px 0px 0px;\"><div ><span class=\" fusion-imageframe imageframe-none imageframe-7 hover-type-none\" style=\"max-width:160px;\"><img decoding=\"async\" width=\"200\" height=\"199\" title=\"Imagen4\" src=\"http:\/\/studio8events.com\/wp-content\/uploads\/2022\/03\/Imagen4.png\" alt class=\"img-responsive wp-image-4318\" srcset=\"https:\/\/studio8events.com\/wp-content\/uploads\/2022\/03\/Imagen4-66x66.png 66w, https:\/\/studio8events.com\/wp-content\/uploads\/2022\/03\/Imagen4-150x150.png 150w, https:\/\/studio8events.com\/wp-content\/uploads\/2022\/03\/Imagen4.png 200w\" sizes=\"(max-width: 200px) 100vw, 200px\" \/><\/span><\/div><\/div><style type=\"text\/css\">.fusion-body .fusion-builder-column-8{width:25% !important;margin-top : 0px;margin-bottom : 20px;}.fusion-builder-column-8 > .fusion-column-wrapper {padding-top : 0px !important;padding-right : 0px !important;margin-right : 7.68%;padding-bottom : 0px !important;padding-left : 0px !important;margin-left : 7.68%;}@media only screen and (max-width:1024px) {.fusion-body .fusion-builder-column-8{width:25% !important;order : 0;}.fusion-builder-column-8 > .fusion-column-wrapper {margin-right : 7.68%;margin-left : 7.68%;}}@media only screen and (max-width:640px) {.fusion-body .fusion-builder-column-8{width:100% !important;order : 0;}.fusion-builder-column-8 > .fusion-column-wrapper {margin-right : 1.92%;margin-left : 1.92%;}}<\/style><\/div><\/div><style type=\"text\/css\">.fusion-body .fusion-flex-container.fusion-builder-row-2{ padding-top : 0px;margin-top : 0px;padding-right : 0px;padding-bottom : 0px;margin-bottom : 0px;padding-left : 0px;}<\/style><\/div><div class=\"fusion-fullwidth fullwidth-box fusion-builder-row-3 fusion-flex-container nonhundred-percent-fullwidth non-hundred-percent-height-scrolling\" style=\"background-color: rgba(255,255,255,0);background-position: center center;background-repeat: no-repeat;border-width: 0px 0px 0px 0px;border-color:var(--awb-color3);border-style:solid;\" ><style type=\"text\/css\">.fusion-body .fusion-flex-container.fusion-builder-row-3{ padding-top : 0px;margin-top : 0px;padding-right : 0px;padding-bottom : 0px;margin-bottom : 0px;padding-left : 0px;}<\/style><\/div>\n","protected":false},"excerpt":{"rendered":"WEDDINGSFLORALSEVENTSSOBRE NUESTRO PROCESO Nuestro proceso es altamente personalizado y personalizado [...]","protected":false},"author":1,"featured_media":0,"parent":0,"menu_order":0,"comment_status":"closed","ping_status":"closed","template":"","meta":{"footnotes":""},"class_list":["post-4187","page","type-page","status-publish","hentry"],"_links":{"self":[{"href":"https:\/\/studio8events.com\/en\/wp-json\/wp\/v2\/pages\/4187","targetHints":{"allow":["GET"]}}],"collection":[{"href":"https:\/\/studio8events.com\/en\/wp-json\/wp\/v2\/pages"}],"about":[{"href":"https:\/\/studio8events.com\/en\/wp-json\/wp\/v2\/types\/page"}],"author":[{"embeddable":true,"href":"https:\/\/studio8events.com\/en\/wp-json\/wp\/v2\/users\/1"}],"replies":[{"embeddable":true,"href":"https:\/\/studio8events.com\/en\/wp-json\/wp\/v2\/comments?post=4187"}],"version-history":[{"count":39,"href":"https:\/\/studio8events.com\/en\/wp-json\/wp\/v2\/pages\/4187\/revisions"}],"predecessor-version":[{"id":4804,"href":"https:\/\/studio8events.com\/en\/wp-json\/wp\/v2\/pages\/4187\/revisions\/4804"}],"wp:attachment":[{"href":"https:\/\/studio8events.com\/en\/wp-json\/wp\/v2\/media?parent=4187"}],"curies":[{"name":"wp","href":"https:\/\/api.w.org\/{rel}","templated":true}]}}